{"id":796,"date":"2021-11-15T18:06:45","date_gmt":"2021-11-15T17:06:45","guid":{"rendered":"https:\/\/blog.mikulafotografia.pl\/?page_id=796"},"modified":"2024-02-07T18:21:05","modified_gmt":"2024-02-07T17:21:05","slug":"o-mnie","status":"publish","type":"page","link":"https:\/\/blog.mikulafotografia.pl\/index.php\/glowna\/o-mnie\/","title":{"rendered":"O mnie&#8230;"},"content":{"rendered":"\n<div class=\"wp-block-media-text alignwide is-stacked-on-mobile\"><figure class=\"wp-block-media-text__media\"><img loading=\"lazy\" decoding=\"async\" width=\"683\" height=\"1024\" src=\"https:\/\/blog.mikulafotografia.pl\/wp-content\/uploads\/2021\/11\/Deadmines-125-of-126-683x1024.jpg\" alt=\"\" class=\"wp-image-797 size-full\" srcset=\"https:\/\/blog.mikulafotografia.pl\/wp-content\/uploads\/2021\/11\/Deadmines-125-of-126-683x1024.jpg 683w, https:\/\/blog.mikulafotografia.pl\/wp-content\/uploads\/2021\/11\/Deadmines-125-of-126-200x300.jpg 200w, https:\/\/blog.mikulafotografia.pl\/wp-content\/uploads\/2021\/11\/Deadmines-125-of-126-768x1152.jpg 768w, https:\/\/blog.mikulafotografia.pl\/wp-content\/uploads\/2021\/11\/Deadmines-125-of-126-1024x1536.jpg 1024w, https:\/\/blog.mikulafotografia.pl\/wp-content\/uploads\/2021\/11\/Deadmines-125-of-126-1365x2048.jpg 1365w, https:\/\/blog.mikulafotografia.pl\/wp-content\/uploads\/2021\/11\/Deadmines-125-of-126-scaled.jpg 1707w\" sizes=\"(max-width: 683px) 100vw, 683px\" \/><\/figure><div class=\"wp-block-media-text__content\">\n<p class=\"has-text-align-center\"><\/p>\n\n\n\n<p>Pochodz\u0119 z ma\u0142ej miejscowo\u015bci umieszczonej w okolicach Wieliczki. Uko\u0144czy\u0142em technikum informatyczne. Fotografi\u0105 pasjonuj\u0119 si\u0119 od dzieci\u0144stwa, jednak dopiero w przeci\u0105gu ostatnich kilku lat otrzyma\u0142em mo\u017cliwo\u015b\u0107 rozwini\u0119cia tego hobby. Zaczyna\u0142em powa\u017cniejsz\u0105 fotografi\u0119 od Canona 40D, jednak szybko doszed\u0142em do wniosku, \u017ce chcia\u0142bym przenie\u015b\u0107 si\u0119 na wy\u017cszy poziom. Staram si\u0119 dok\u0142ada\u0107 do zdj\u0119\u0107 maksimum umiej\u0119tno\u015bci i ci\u0119\u017ckiej pracy. Uwielbiam fotografi\u0119 portretow\u0105, ukazywanie emocji, r\u00f3wnie co przedstawianie pi\u0119kna natury. Dlatego wszystko to staram si\u0119 \u0142\u0105czy\u0107 w reporta\u017cach i sesjach \u015blubnych, tak aby tworzy\u0107 niezapomniane zdj\u0119cia z naszych najpi\u0119kniejszych moment\u00f3w w \u017cyciu.<\/p>\n<\/div><\/div>\n","protected":false},"excerpt":{"rendered":"<p>Pochodz\u0119 z ma\u0142ej miejscowo\u015bci umieszczonej w okolicach Wieliczki. Uko\u0144czy\u0142em technikum informatyczne. Fotografi\u0105 pasjonuj\u0119 si\u0119 od dzieci\u0144stwa, jednak dopiero w przeci\u0105gu ostatnich kilku lat otrzyma\u0142em mo\u017cliwo\u015b\u0107 rozwini\u0119cia tego hobby. Zaczyna\u0142em powa\u017cniejsz\u0105 fotografi\u0119 od Canona 40D, jednak szybko doszed\u0142em do wniosku, \u017ce chcia\u0142bym przenie\u015b\u0107 si\u0119 na wy\u017cszy poziom. Staram si\u0119 dok\u0142ada\u0107 do zdj\u0119\u0107 maksimum umiej\u0119tno\u015bci i ci\u0119\u017ckiej pracy. Uwielbiam fotografi\u0119 portretow\u0105, ukazywanie emocji, r\u00f3wnie co przedstawianie pi\u0119kna natury. Dlatego wszystko to staram &hellip; <\/p>\n","protected":false},"author":2,"featured_media":0,"parent":20,"menu_order":0,"comment_status":"closed","ping_status":"closed","template":"","meta":{"footnotes":""},"_links":{"self":[{"href":"https:\/\/blog.mikulafotografia.pl\/index.php\/wp-json\/wp\/v2\/pages\/796"}],"collection":[{"href":"https:\/\/blog.mikulafotografia.pl\/index.php\/wp-json\/wp\/v2\/pages"}],"about":[{"href":"https:\/\/blog.mikulafotografia.pl\/index.php\/wp-json\/wp\/v2\/types\/page"}],"author":[{"embeddable":true,"href":"https:\/\/blog.mikulafotografia.pl\/index.php\/wp-json\/wp\/v2\/users\/2"}],"replies":[{"embeddable":true,"href":"https:\/\/blog.mikulafotografia.pl\/index.php\/wp-json\/wp\/v2\/comments?post=796"}],"version-history":[{"count":2,"href":"https:\/\/blog.mikulafotografia.pl\/index.php\/wp-json\/wp\/v2\/pages\/796\/revisions"}],"predecessor-version":[{"id":829,"href":"https:\/\/blog.mikulafotografia.pl\/index.php\/wp-json\/wp\/v2\/pages\/796\/revisions\/829"}],"up":[{"embeddable":true,"href":"https:\/\/blog.mikulafotografia.pl\/index.php\/wp-json\/wp\/v2\/pages\/20"}],"wp:attachment":[{"href":"https:\/\/blog.mikulafotografia.pl\/index.php\/wp-json\/wp\/v2\/media?parent=796"}],"curies":[{"name":"wp","href":"https:\/\/api.w.org\/{rel}","templated":true}]}}